{"id":38420,"date":"2026-05-09T13:46:16","date_gmt":"2026-05-09T10:46:16","guid":{"rendered":"https:\/\/cemalteknik.com\/?post_type=product&#038;p=38420"},"modified":"2026-05-09T13:46:16","modified_gmt":"2026-05-09T10:46:16","slug":"su-akis-turbin-ferroli-caleffi-39804220","status":"publish","type":"product","link":"https:\/\/cemalteknik.com\/index.php\/urun\/su-akis-turbin-ferroli-caleffi-39804220\/","title":{"rendered":"SU AKI\u015e T\u00dcRB\u0130N FERROL\u0130 CALEFFI 39804220"},"content":{"rendered":"","protected":false},"excerpt":{"rendered":"","protected":false},"featured_media":0,"comment_status":"open","ping_status":"closed","template":"","meta":[],"product_brand":[],"product_cat":[285],"product_tag":[],"class_list":{"0":"post-38420","1":"product","2":"type-product","3":"status-publish","5":"product_cat-klima-yedek-parca","7":"first","8":"instock","9":"taxable","10":"shipping-taxable","11":"product-type-simple"},"_links":{"self":[{"href":"https:\/\/cemalteknik.com\/index.php\/wp-json\/wp\/v2\/product\/38420","targetHints":{"allow":["GET"]}}],"collection":[{"href":"https:\/\/cemalteknik.com\/index.php\/wp-json\/wp\/v2\/product"}],"about":[{"href":"https:\/\/cemalteknik.com\/index.php\/wp-json\/wp\/v2\/types\/product"}],"replies":[{"embeddable":true,"href":"https:\/\/cemalteknik.com\/index.php\/wp-json\/wp\/v2\/comments?post=38420"}],"version-history":[{"count":1,"href":"https:\/\/cemalteknik.com\/index.php\/wp-json\/wp\/v2\/product\/38420\/revisions"}],"predecessor-version":[{"id":38422,"href":"https:\/\/cemalteknik.com\/index.php\/wp-json\/wp\/v2\/product\/38420\/revisions\/38422"}],"wp:attachment":[{"href":"https:\/\/cemalteknik.com\/index.php\/wp-json\/wp\/v2\/media?parent=38420"}],"wp:term":[{"taxonomy":"product_brand","embeddable":true,"href":"https:\/\/cemalteknik.com\/index.php\/wp-json\/wp\/v2\/product_brand?post=38420"},{"taxonomy":"product_cat","embeddable":true,"href":"https:\/\/cemalteknik.com\/index.php\/wp-json\/wp\/v2\/product_cat?post=38420"},{"taxonomy":"product_tag","embeddable":true,"href":"https:\/\/cemalteknik.com\/index.php\/wp-json\/wp\/v2\/product_tag?post=38420"}],"curies":[{"name":"wp","href":"https:\/\/api.w.org\/{rel}","templated":true}]}}