{"id":37315,"date":"2026-02-04T16:28:32","date_gmt":"2026-02-04T13:28:32","guid":{"rendered":"https:\/\/cemalteknik.com\/?post_type=product&#038;p=37315"},"modified":"2026-04-29T13:50:16","modified_gmt":"2026-04-29T10:50:16","slug":"bosch-profilo-siemens-bosch-bulasik-makinesi-icin-2080w-230v-bulasik-makinesi-isitma-rezistansi-kalin-film","status":"publish","type":"product","link":"https:\/\/cemalteknik.com\/index.php\/urun\/bosch-profilo-siemens-bosch-bulasik-makinesi-icin-2080w-230v-bulasik-makinesi-isitma-rezistansi-kalin-film\/","title":{"rendered":"Bosch bula\u015f\u0131k makinesi i\u00e7in 2080W 230V bula\u015f\u0131k makinesi is\u0131tma rezistans\u0131 kal\u0131n Film"},"content":{"rendered":"<div class=\"members-access-error\">&nbsp;<\/p>\n<div class=\"intersub-ai-chat\" style=\"position: fixed !important;color: initial;font: initial;writing-mode: initial;aspect-ratio: initial;background: initial;background-blend-mode: initial;border: initial;border-radius: initial;border-collapse: initial;bottom: 0px !important;box-shadow: initial;caption-side: initial;clear: initial;columns: initial;column-fill: initial;gap: initial;column-rule: initial;column-span: initial;cursor: initial;fill: initial;fill-rule: initial;filter: initial;flex: initial;flex-direction: column !important;flex-wrap: initial;float: initial;height: initial;left: initial;letter-spacing: initial;margin: initial;max-height: 100% !important;max-width: initial;min-height: initial;min-width: initial;object-fit: initial;object-position: initial;opacity: initial;overflow: hidden;padding: initial;right: 0px !important;stroke: initial;text-align: initial;text-decoration: initial;text-indent: initial;text-transform: initial;top: 0px !important;vertical-align: initial;border-spacing: initial;width: initial;z-index: 2000000000 !important\"><\/div>\n<div class=\"intersub-ai-chat\" style=\"position: fixed !important;color: initial;font: initial;writing-mode: initial;aspect-ratio: initial;background: initial;background-blend-mode: initial;border: initial;border-radius: initial;border-collapse: initial;bottom: 0px !important;box-shadow: initial;caption-side: initial;clear: initial;columns: initial;column-fill: initial;gap: initial;column-rule: initial;column-span: initial;cursor: initial;fill: initial;fill-rule: initial;filter: initial;flex: initial;flex-direction: column !important;flex-wrap: initial;float: initial;height: initial;left: initial;letter-spacing: initial;margin: initial;max-height: 100% !important;max-width: initial;min-height: initial;min-width: initial;object-fit: initial;object-position: initial;opacity: initial;overflow: hidden;padding: initial;right: 0px !important;stroke: initial;text-align: initial;text-decoration: initial;text-indent: initial;text-transform: initial;top: 0px !important;vertical-align: initial;border-spacing: initial;width: initial;z-index: 2000000000 !important\"><\/div>\n<div class=\"intersub-ai-chat\" style=\"position: fixed !important;color: initial;font: initial;writing-mode: initial;aspect-ratio: initial;background: initial;background-blend-mode: initial;border: initial;border-radius: initial;border-collapse: initial;bottom: 0px !important;box-shadow: initial;caption-side: initial;clear: initial;columns: initial;column-fill: initial;gap: initial;column-rule: initial;column-span: initial;cursor: initial;fill: initial;fill-rule: initial;filter: initial;flex: initial;flex-direction: column !important;flex-wrap: initial;float: initial;height: initial;left: initial;letter-spacing: initial;margin: initial;max-height: 100% !important;max-width: initial;min-height: initial;min-width: initial;object-fit: initial;object-position: initial;opacity: initial;overflow: hidden;padding: initial;right: 0px !important;stroke: initial;text-align: initial;text-decoration: initial;text-indent: initial;text-transform: initial;top: 0px !important;vertical-align: initial;border-spacing: initial;width: initial;z-index: 2000000000 !important\"><\/div>\n<div class=\"intersub-ai-chat\" style=\"position: fixed !important;color: initial;font: initial;writing-mode: initial;aspect-ratio: initial;background: initial;background-blend-mode: initial;border: initial;border-radius: initial;border-collapse: initial;bottom: 0px !important;box-shadow: initial;caption-side: initial;clear: initial;columns: initial;column-fill: initial;gap: initial;column-rule: initial;column-span: initial;cursor: initial;fill: initial;fill-rule: initial;filter: initial;flex: initial;flex-direction: column !important;flex-wrap: initial;float: initial;height: initial;left: initial;letter-spacing: initial;margin: initial;max-height: 100% !important;max-width: initial;min-height: initial;min-width: initial;object-fit: initial;object-position: initial;opacity: initial;overflow: hidden;padding: initial;right: 0px !important;stroke: initial;text-align: initial;text-decoration: initial;text-indent: initial;text-transform: initial;top: 0px !important;vertical-align: initial;border-spacing: initial;width: initial;z-index: 2000000000 !important\"><\/div>\n<div class=\"intersub-ai-chat\" style=\"position: fixed !important;color: initial;font: initial;writing-mode: initial;aspect-ratio: initial;background: initial;background-blend-mode: initial;border: initial;border-radius: initial;border-collapse: initial;bottom: 0px !important;box-shadow: initial;caption-side: initial;clear: initial;columns: initial;column-fill: initial;gap: initial;column-rule: initial;column-span: initial;cursor: initial;fill: initial;fill-rule: initial;filter: initial;flex: initial;flex-direction: column !important;flex-wrap: initial;float: initial;height: initial;left: initial;letter-spacing: initial;margin: initial;max-height: 100% !important;max-width: initial;min-height: initial;min-width: initial;object-fit: initial;object-position: initial;opacity: initial;overflow: hidden;padding: initial;right: 0px !important;stroke: initial;text-align: initial;text-decoration: initial;text-indent: initial;text-transform: initial;top: 0px !important;vertical-align: initial;border-spacing: initial;width: initial;z-index: 2000000000 !important\"><\/div>\n<div class=\"intersub-ai-chat\" style=\"position: fixed !important;color: initial;font: initial;writing-mode: initial;aspect-ratio: initial;background: initial;background-blend-mode: initial;border: initial;border-radius: initial;border-collapse: initial;bottom: 0px !important;box-shadow: initial;caption-side: initial;clear: initial;columns: initial;column-fill: initial;gap: initial;column-rule: initial;column-span: initial;cursor: initial;fill: initial;fill-rule: initial;filter: initial;flex: initial;flex-direction: column !important;flex-wrap: initial;float: initial;height: initial;left: initial;letter-spacing: initial;margin: initial;max-height: 100% !important;max-width: initial;min-height: initial;min-width: initial;object-fit: initial;object-position: initial;opacity: initial;overflow: hidden;padding: initial;right: 0px !important;stroke: initial;text-align: initial;text-decoration: initial;text-indent: initial;text-transform: initial;top: 0px !important;vertical-align: initial;border-spacing: initial;width: initial;z-index: 2000000000 !important\"><\/div>\n<div class=\"intersub-ai-chat\" style=\"position: fixed !important;color: initial;font: initial;writing-mode: initial;aspect-ratio: initial;background: initial;background-blend-mode: initial;border: initial;border-radius: initial;border-collapse: initial;bottom: 0px !important;box-shadow: initial;caption-side: initial;clear: initial;columns: initial;column-fill: initial;gap: initial;column-rule: initial;column-span: initial;cursor: initial;fill: initial;fill-rule: initial;filter: initial;flex: initial;flex-direction: column !important;flex-wrap: initial;float: initial;height: initial;left: initial;letter-spacing: initial;margin: initial;max-height: 100% !important;max-width: initial;min-height: initial;min-width: initial;object-fit: initial;object-position: initial;opacity: initial;overflow: hidden;padding: initial;right: 0px !important;stroke: initial;text-align: initial;text-decoration: initial;text-indent: initial;text-transform: initial;top: 0px !important;vertical-align: initial;border-spacing: initial;width: initial;z-index: 2000000000 !important\"><\/div>\n<div class=\"intersub-ai-chat\" style=\"position: fixed !important;color: initial;font: initial;writing-mode: initial;aspect-ratio: initial;background: initial;background-blend-mode: initial;border: initial;border-radius: initial;border-collapse: initial;bottom: 0px !important;box-shadow: initial;caption-side: initial;clear: initial;columns: initial;column-fill: initial;gap: initial;column-rule: initial;column-span: initial;cursor: initial;fill: initial;fill-rule: initial;filter: initial;flex: initial;flex-direction: column !important;flex-wrap: initial;float: initial;height: initial;left: initial;letter-spacing: initial;margin: initial;max-height: 100% !important;max-width: initial;min-height: initial;min-width: initial;object-fit: initial;object-position: initial;opacity: initial;overflow: hidden;padding: initial;right: 0px !important;stroke: initial;text-align: initial;text-decoration: initial;text-indent: initial;text-transform: initial;top: 0px !important;vertical-align: initial;border-spacing: initial;width: initial;z-index: 2000000000 !important\"><\/div>\n<div class=\"intersub-ai-chat\" style=\"position: fixed !important;color: initial;font: initial;writing-mode: initial;aspect-ratio: initial;background: initial;background-blend-mode: initial;border: initial;border-radius: initial;border-collapse: initial;bottom: 0px !important;box-shadow: initial;caption-side: initial;clear: initial;columns: initial;column-fill: initial;gap: initial;column-rule: initial;column-span: initial;cursor: initial;fill: initial;fill-rule: initial;filter: initial;flex: initial;flex-direction: column !important;flex-wrap: initial;float: initial;height: initial;left: initial;letter-spacing: initial;margin: initial;max-height: 100% !important;max-width: initial;min-height: initial;min-width: initial;object-fit: initial;object-position: initial;opacity: initial;overflow: hidden;padding: initial;right: 0px !important;stroke: initial;text-align: initial;text-decoration: initial;text-indent: initial;text-transform: initial;top: 0px !important;vertical-align: initial;border-spacing: initial;width: initial;z-index: 2000000000 !important\"><\/div>\n<\/div>\n","protected":false},"excerpt":{"rendered":"<div class=\"members-access-error\">&nbsp;<\/p>\n<div class=\"intersub-ai-chat\" style=\"position: fixed !important;color: initial;font: initial;writing-mode: initial;aspect-ratio: initial;background: initial;background-blend-mode: initial;border: initial;border-radius: initial;border-collapse: initial;bottom: 0px !important;box-shadow: initial;caption-side: initial;clear: initial;columns: initial;column-fill: initial;gap: initial;column-rule: initial;column-span: initial;cursor: initial;fill: initial;fill-rule: initial;filter: initial;flex: initial;flex-direction: column !important;flex-wrap: initial;float: initial;height: initial;left: initial;letter-spacing: initial;margin: initial;max-height: 100% !important;max-width: initial;min-height: initial;min-width: initial;object-fit: initial;object-position: initial;opacity: initial;overflow: hidden;padding: initial;right: 0px !important;stroke: initial;text-align: initial;text-decoration: initial;text-indent: initial;text-transform: initial;top: 0px !important;vertical-align: initial;border-spacing: initial;width: initial;z-index: 2000000000 !important\"><\/div>\n<div class=\"intersub-ai-chat\" style=\"position: fixed !important;color: initial;font: initial;writing-mode: initial;aspect-ratio: initial;background: initial;background-blend-mode: initial;border: initial;border-radius: initial;border-collapse: initial;bottom: 0px !important;box-shadow: initial;caption-side: initial;clear: initial;columns: initial;column-fill: initial;gap: initial;column-rule: initial;column-span: initial;cursor: initial;fill: initial;fill-rule: initial;filter: initial;flex: initial;flex-direction: column !important;flex-wrap: initial;float: initial;height: initial;left: initial;letter-spacing: initial;margin: initial;max-height: 100% !important;max-width: initial;min-height: initial;min-width: initial;object-fit: initial;object-position: initial;opacity: initial;overflow: hidden;padding: initial;right: 0px !important;stroke: initial;text-align: initial;text-decoration: initial;text-indent: initial;text-transform: initial;top: 0px !important;vertical-align: initial;border-spacing: initial;width: initial;z-index: 2000000000 !important\"><\/div>\n<div class=\"intersub-ai-chat\" style=\"position: fixed !important;color: initial;font: initial;writing-mode: initial;aspect-ratio: initial;background: initial;background-blend-mode: initial;border: initial;border-radius: initial;border-collapse: initial;bottom: 0px !important;box-shadow: initial;caption-side: initial;clear: initial;columns: initial;column-fill: initial;gap: initial;column-rule: initial;column-span: initial;cursor: initial;fill: initial;fill-rule: initial;filter: initial;flex: initial;flex-direction: column !important;flex-wrap: initial;float: initial;height: initial;left: initial;letter-spacing: initial;margin: initial;max-height: 100% !important;max-width: initial;min-height: initial;min-width: initial;object-fit: initial;object-position: initial;opacity: initial;overflow: hidden;padding: initial;right: 0px !important;stroke: initial;text-align: initial;text-decoration: initial;text-indent: initial;text-transform: initial;top: 0px !important;vertical-align: initial;border-spacing: initial;width: initial;z-index: 2000000000 !important\"><\/div>\n<div class=\"intersub-ai-chat\" style=\"position: fixed !important;color: initial;font: initial;writing-mode: initial;aspect-ratio: initial;background: initial;background-blend-mode: initial;border: initial;border-radius: initial;border-collapse: initial;bottom: 0px !important;box-shadow: initial;caption-side: initial;clear: initial;columns: initial;column-fill: initial;gap: initial;column-rule: initial;column-span: initial;cursor: initial;fill: initial;fill-rule: initial;filter: initial;flex: initial;flex-direction: column !important;flex-wrap: initial;float: initial;height: initial;left: initial;letter-spacing: initial;margin: initial;max-height: 100% !important;max-width: initial;min-height: initial;min-width: initial;object-fit: initial;object-position: initial;opacity: initial;overflow: hidden;padding: initial;right: 0px !important;stroke: initial;text-align: initial;text-decoration: initial;text-indent: initial;text-transform: initial;top: 0px !important;vertical-align: initial;border-spacing: initial;width: initial;z-index: 2000000000 !important\"><\/div>\n<div class=\"intersub-ai-chat\" style=\"position: fixed !important;color: initial;font: initial;writing-mode: initial;aspect-ratio: initial;background: initial;background-blend-mode: initial;border: initial;border-radius: initial;border-collapse: initial;bottom: 0px !important;box-shadow: initial;caption-side: initial;clear: initial;columns: initial;column-fill: initial;gap: initial;column-rule: initial;column-span: initial;cursor: initial;fill: initial;fill-rule: initial;filter: initial;flex: initial;flex-direction: column !important;flex-wrap: initial;float: initial;height: initial;left: initial;letter-spacing: initial;margin: initial;max-height: 100% !important;max-width: initial;min-height: initial;min-width: initial;object-fit: initial;object-position: initial;opacity: initial;overflow: hidden;padding: initial;right: 0px !important;stroke: initial;text-align: initial;text-decoration: initial;text-indent: initial;text-transform: initial;top: 0px !important;vertical-align: initial;border-spacing: initial;width: initial;z-index: 2000000000 !important\"><\/div>\n<div class=\"intersub-ai-chat\" style=\"position: fixed !important;color: initial;font: initial;writing-mode: initial;aspect-ratio: initial;background: initial;background-blend-mode: initial;border: initial;border-radius: initial;border-collapse: initial;bottom: 0px !important;box-shadow: initial;caption-side: initial;clear: initial;columns: initial;column-fill: initial;gap: initial;column-rule: initial;column-span: initial;cursor: initial;fill: initial;fill-rule: initial;filter: initial;flex: initial;flex-direction: column !important;flex-wrap: initial;float: initial;height: initial;left: initial;letter-spacing: initial;margin: initial;max-height: 100% !important;max-width: initial;min-height: initial;min-width: initial;object-fit: initial;object-position: initial;opacity: initial;overflow: hidden;padding: initial;right: 0px !important;stroke: initial;text-align: initial;text-decoration: initial;text-indent: initial;text-transform: initial;top: 0px !important;vertical-align: initial;border-spacing: initial;width: initial;z-index: 2000000000 !important\"><\/div>\n<div class=\"intersub-ai-chat\" style=\"position: fixed !important;color: initial;font: initial;writing-mode: initial;aspect-ratio: initial;background: initial;background-blend-mode: initial;border: initial;border-radius: initial;border-collapse: initial;bottom: 0px !important;box-shadow: initial;caption-side: initial;clear: initial;columns: initial;column-fill: initial;gap: initial;column-rule: initial;column-span: initial;cursor: initial;fill: initial;fill-rule: initial;filter: initial;flex: initial;flex-direction: column !important;flex-wrap: initial;float: initial;height: initial;left: initial;letter-spacing: initial;margin: initial;max-height: 100% !important;max-width: initial;min-height: initial;min-width: initial;object-fit: initial;object-position: initial;opacity: initial;overflow: hidden;padding: initial;right: 0px !important;stroke: initial;text-align: initial;text-decoration: initial;text-indent: initial;text-transform: initial;top: 0px !important;vertical-align: initial;border-spacing: initial;width: initial;z-index: 2000000000 !important\"><\/div>\n<div class=\"intersub-ai-chat\" style=\"position: fixed !important;color: initial;font: initial;writing-mode: initial;aspect-ratio: initial;background: initial;background-blend-mode: initial;border: initial;border-radius: initial;border-collapse: initial;bottom: 0px !important;box-shadow: initial;caption-side: initial;clear: initial;columns: initial;column-fill: initial;gap: initial;column-rule: initial;column-span: initial;cursor: initial;fill: initial;fill-rule: initial;filter: initial;flex: initial;flex-direction: column !important;flex-wrap: initial;float: initial;height: initial;left: initial;letter-spacing: initial;margin: initial;max-height: 100% !important;max-width: initial;min-height: initial;min-width: initial;object-fit: initial;object-position: initial;opacity: initial;overflow: hidden;padding: initial;right: 0px !important;stroke: initial;text-align: initial;text-decoration: initial;text-indent: initial;text-transform: initial;top: 0px !important;vertical-align: initial;border-spacing: initial;width: initial;z-index: 2000000000 !important\"><\/div>\n<div class=\"intersub-ai-chat\" style=\"position: fixed !important;color: initial;font: initial;writing-mode: initial;aspect-ratio: initial;background: initial;background-blend-mode: initial;border: initial;border-radius: initial;border-collapse: initial;bottom: 0px !important;box-shadow: initial;caption-side: initial;clear: initial;columns: initial;column-fill: initial;gap: initial;column-rule: initial;column-span: initial;cursor: initial;fill: initial;fill-rule: initial;filter: initial;flex: initial;flex-direction: column !important;flex-wrap: initial;float: initial;height: initial;left: initial;letter-spacing: initial;margin: initial;max-height: 100% !important;max-width: initial;min-height: initial;min-width: initial;object-fit: initial;object-position: initial;opacity: initial;overflow: hidden;padding: initial;right: 0px !important;stroke: initial;text-align: initial;text-decoration: initial;text-indent: initial;text-transform: initial;top: 0px !important;vertical-align: initial;border-spacing: initial;width: initial;z-index: 2000000000 !important\"><\/div>\n<\/div>\n","protected":false},"featured_media":37317,"comment_status":"open","ping_status":"closed","template":"","meta":[],"product_brand":[],"product_cat":[578],"product_tag":[],"class_list":{"0":"post-37315","1":"product","2":"type-product","3":"status-publish","4":"has-post-thumbnail","6":"product_cat-bulasik-makinasi-yedek-parcalari","8":"first","9":"instock","10":"taxable","11":"shipping-taxable","12":"purchasable","13":"product-type-simple"},"_links":{"self":[{"href":"https:\/\/cemalteknik.com\/index.php\/wp-json\/wp\/v2\/product\/37315","targetHints":{"allow":["GET"]}}],"collection":[{"href":"https:\/\/cemalteknik.com\/index.php\/wp-json\/wp\/v2\/product"}],"about":[{"href":"https:\/\/cemalteknik.com\/index.php\/wp-json\/wp\/v2\/types\/product"}],"replies":[{"embeddable":true,"href":"https:\/\/cemalteknik.com\/index.php\/wp-json\/wp\/v2\/comments?post=37315"}],"version-history":[{"count":10,"href":"https:\/\/cemalteknik.com\/index.php\/wp-json\/wp\/v2\/product\/37315\/revisions"}],"predecessor-version":[{"id":37349,"href":"https:\/\/cemalteknik.com\/index.php\/wp-json\/wp\/v2\/product\/37315\/revisions\/37349"}],"wp:featuredmedia":[{"embeddable":true,"href":"https:\/\/cemalteknik.com\/index.php\/wp-json\/wp\/v2\/media\/37317"}],"wp:attachment":[{"href":"https:\/\/cemalteknik.com\/index.php\/wp-json\/wp\/v2\/media?parent=37315"}],"wp:term":[{"taxonomy":"product_brand","embeddable":true,"href":"https:\/\/cemalteknik.com\/index.php\/wp-json\/wp\/v2\/product_brand?post=37315"},{"taxonomy":"product_cat","embeddable":true,"href":"https:\/\/cemalteknik.com\/index.php\/wp-json\/wp\/v2\/product_cat?post=37315"},{"taxonomy":"product_tag","embeddable":true,"href":"https:\/\/cemalteknik.com\/index.php\/wp-json\/wp\/v2\/product_tag?post=37315"}],"curies":[{"name":"wp","href":"https:\/\/api.w.org\/{rel}","templated":true}]}}