{"id":840,"date":"2024-04-23T12:36:13","date_gmt":"2024-04-23T09:36:13","guid":{"rendered":"https:\/\/cemalteknik.com\/?page_id=840"},"modified":"2025-11-12T22:20:00","modified_gmt":"2025-11-12T19:20:00","slug":"bayilik-basvurusu","status":"publish","type":"page","link":"https:\/\/cemalteknik.com\/index.php\/bayilik-basvurusu\/","title":{"rendered":"Bayilik Ba\u015fvurusu"},"content":{"rendered":"\n<figure class=\"wp-block-image alignwide size-full\"><img fetchpriority=\"high\" decoding=\"async\" width=\"544\" height=\"205\" src=\"https:\/\/cemalteknik.com\/wp-content\/uploads\/2024\/04\/logoCemal.png\" alt=\"\" class=\"wp-image-843\" srcset=\"https:\/\/cemalteknik.com\/wp-content\/uploads\/2024\/04\/logoCemal.png 544w, https:\/\/cemalteknik.com\/wp-content\/uploads\/2024\/04\/logoCemal-430x162.png 430w, https:\/\/cemalteknik.com\/wp-content\/uploads\/2024\/04\/logoCemal-150x57.png 150w, https:\/\/cemalteknik.com\/wp-content\/uploads\/2024\/04\/logoCemal-300x113.png 300w\" sizes=\"(max-width: 544px) 100vw, 544px\" \/><\/figure>\n\n\n\n<h2 class=\"wp-block-heading\"><strong>1. \u0130lk Ad\u0131m: \u00dcyelik Olu\u015fturun<\/strong><\/h2>\n\n\n\n<ul class=\"wp-block-list\">\n<li><a href=\"https:\/\/cemalteknik.com\/index.php\/hesabim\/\">Web sitemize \u00fcye de\u011fil misiniz? Hemen buraya t\u0131klayarak ilgili formu doldurabilirsiniz.<\/a><\/li>\n<\/ul>\n\n\n\n<h2 class=\"wp-block-heading\"><strong>2. Vergi Levhan\u0131z\u0131n G\u00f6sterlini G\u00f6nderin<\/strong><\/h2>\n\n\n\n<div class=\"wp-block-media-text is-stacked-on-mobile\"><figure class=\"wp-block-media-text__media\"><img decoding=\"async\" width=\"300\" height=\"205\" src=\"https:\/\/cemalteknik.com\/wp-content\/themes\/woodmart\/images\/lazy.svg\" data-src=\"https:\/\/cemalteknik.com\/wp-content\/uploads\/2024\/04\/vergi.jpg\" alt=\"\" class=\" wd-lazy-fade wp-image-844 size-full\" srcset=\"\" data-srcset=\"https:\/\/cemalteknik.com\/wp-content\/uploads\/2024\/04\/vergi.jpg 300w, https:\/\/cemalteknik.com\/wp-content\/uploads\/2024\/04\/vergi-150x103.jpg 150w\" sizes=\"(max-width: 300px) 100vw, 300px\" \/><\/figure><div class=\"wp-block-media-text__content\">\n<p><strong>\u0130ster WhatsApp&#8217;tan ister E-Posta ile vergi levhan\u0131z\u0131n g\u00f6rselini g\u00f6nderiniz<\/strong><\/p>\n\n\n\n<div class=\"wp-block-media-text alignwide is-stacked-on-mobile\" style=\"grid-template-columns:15% auto\"><figure class=\"wp-block-media-text__media\"><img decoding=\"async\" src=\"https:\/\/cemalteknik.com\/wp-content\/themes\/woodmart\/images\/lazy.svg\" data-src=\"https:\/\/cemalteknik.com\/wp-content\/uploads\/2024\/04\/pngtree-email-icon-png-image_1757854.jpg\" alt=\"\" class=\" wd-lazy-fade wp-image-846 size-full\"\/><\/figure><div class=\"wp-block-media-text__content\">\n<p class=\"has-text-align-center\"><a href=\"mailto:cemalteknikskreter@gmail.com\">cemalteknikskreter@gmail.com<\/a><\/p>\n<\/div><\/div>\n\n\n\n<div class=\"wp-block-jetpack-send-a-message\">\n<div class=\"wp-block-jetpack-whatsapp-button is-color-dark\"><a class=\"whatsapp-block__button\" href=\"https:\/\/api.whatsapp.com\/send?phone=&amp;text=Merhaba%2C%20WhatsApp%20bilgilerinizi%20web%20sitenizden%20ald%C4%B1m.\" style=\"background-color:#25D366;color:#fff\" target=\"_self\" rel=\"noopener noreferrer\"><strong>0538 482 01 90<\/strong><\/a><\/div>\n<\/div>\n<\/div><\/div>\n\n\n\n<h2 class=\"wp-block-heading\"><strong data-sider-select-id=\"1533ac4f-52b8-4457-bf87-2da01a5ae7ba\">3. A<\/strong><strong>rayarak<\/strong><strong data-sider-select-id=\"1533ac4f-52b8-4457-bf87-2da01a5ae7ba\"> Bize Bildirmini Sa\u011flay\u0131n\u0131z<\/strong><\/h2>\n\n\n\n<div class=\"wp-block-media-text is-stacked-on-mobile\"><figure class=\"wp-block-media-text__media\"><img decoding=\"async\" src=\"https:\/\/cemalteknik.com\/wp-content\/themes\/woodmart\/images\/lazy.svg\" data-src=\"https:\/\/cemalteknik.com\/wp-content\/uploads\/2024\/04\/call-icon.webp\" alt=\"\" class=\" wd-lazy-fade wp-image-847 size-full\"\/><\/figure><div class=\"wp-block-media-text__content\">\n<div class=\"wp-block-group is-nowrap is-layout-flex wp-container-core-group-is-layout-ad2f72ca wp-block-group-is-layout-flex\">\n<p><strong>(0264)&nbsp;<\/strong>282 01 90<\/p>\n\n\n\n<p><strong>0538 482 01 90<\/strong><\/p>\n<\/div>\n<\/div><\/div>\n\n\n\n<h2 class=\"wp-block-heading\"><strong>4.Bayili\u011finiz Ba\u015far\u0131yla Olu\u015fturulmu\u015ftur<\/strong><\/h2>\n\n\n\n<ul class=\"wp-block-list\">\n<li>Gerekli incelemeler ger\u00e7ekle\u015fti\u011finde bayili\u011finiz aktif duruma getirlecektir<\/li>\n<\/ul>\n\n\n\n<p><\/p>\n","protected":false},"excerpt":{"rendered":"<p>1. \u0130lk Ad\u0131m: \u00dcyelik Olu\u015fturun 2. Vergi Levhan\u0131z\u0131n G\u00f6sterlini G\u00f6nderin 3. Arayarak Bize Bildirmini Sa\u011flay\u0131n\u0131z 4.Bayili\u011finiz Ba\u015far\u0131yla Olu\u015fturulmu\u015ftur<\/p>\n","protected":false},"author":1,"featured_media":0,"parent":0,"menu_order":0,"comment_status":"closed","ping_status":"closed","template":"","meta":{"footnotes":""},"class_list":["post-840","page","type-page","status-publish","hentry"],"_links":{"self":[{"href":"https:\/\/cemalteknik.com\/index.php\/wp-json\/wp\/v2\/pages\/840","targetHints":{"allow":["GET"]}}],"collection":[{"href":"https:\/\/cemalteknik.com\/index.php\/wp-json\/wp\/v2\/pages"}],"about":[{"href":"https:\/\/cemalteknik.com\/index.php\/wp-json\/wp\/v2\/types\/page"}],"author":[{"embeddable":true,"href":"https:\/\/cemalteknik.com\/index.php\/wp-json\/wp\/v2\/users\/1"}],"replies":[{"embeddable":true,"href":"https:\/\/cemalteknik.com\/index.php\/wp-json\/wp\/v2\/comments?post=840"}],"version-history":[{"count":2,"href":"https:\/\/cemalteknik.com\/index.php\/wp-json\/wp\/v2\/pages\/840\/revisions"}],"predecessor-version":[{"id":37079,"href":"https:\/\/cemalteknik.com\/index.php\/wp-json\/wp\/v2\/pages\/840\/revisions\/37079"}],"wp:attachment":[{"href":"https:\/\/cemalteknik.com\/index.php\/wp-json\/wp\/v2\/media?parent=840"}],"curies":[{"name":"wp","href":"https:\/\/api.w.org\/{rel}","templated":true}]}}