{"id":169,"date":"2023-09-28T19:04:01","date_gmt":"2023-09-28T16:04:01","guid":{"rendered":"https:\/\/cemalteknik.com\/?page_id=169"},"modified":"2025-11-12T22:30:23","modified_gmt":"2025-11-12T19:30:23","slug":"iletisim","status":"publish","type":"page","link":"https:\/\/cemalteknik.com\/index.php\/iletisim\/","title":{"rendered":"\u0130LET\u0130\u015e\u0130M"},"content":{"rendered":"\n<h4 class=\"wp-block-heading has-text-align-center has-palette-color-3-color has-palette-color-1-background-color has-text-color has-background\"><strong>B\u0130ZE ULA\u015eIN<\/strong><\/h4>\n\n\n<p><iframe data-src=\"https:\/\/www.google.com\/maps\/embed?pb=!1m18!1m12!1m3!1d3021.5401446248416!2d30.4019565!3d40.7721379!2m3!1f0!2f0!3f0!3m2!1i1024!2i768!4f13.1!3m3!1m2!1s0x14ccb3cb352dfab7%3A0xae85ba192cbc0ad5!2sCEMAL%20TEKN%C4%B0K%20elektronik%20kart%20tamir%20merkezi!5e0!3m2!1sen!2str!4v1695918253431!5m2!1sen!2str\" width=\"800\" height=\"600\" style=\"border:0;\" allowfullscreen=\"\" referrerpolicy=\"no-referrer-when-downgrade\" src=\"data:image\/svg+xml;base64,PHN2ZyB3aWR0aD0iMSIgaGVpZ2h0PSIxIiB4bWxucz0iaHR0cDovL3d3dy53My5vcmcvMjAwMC9zdmciPjwvc3ZnPg==\" class=\"lazyload\" data-load-mode=\"1\"><\/iframe><\/p>\n\n\n\n<div class=\"wp-block-columns is-layout-flex wp-container-core-columns-is-layout-9d6595d7 wp-block-columns-is-layout-flex\">\n<div class=\"wp-block-column is-layout-flow wp-block-column-is-layout-flow\">\n<h4 class=\"wp-block-heading has-palette-color-1-background-color has-background\">\u0130leti\u015fim:<\/h4>\n\n\n\n<p class=\"has-palette-color-3-color has-text-color\"><strong>(0264) <\/strong>282 01 90<\/p>\n\n\n\n<p class=\"has-palette-color-3-color has-text-color\"><strong>0538 482 01 90<\/strong><\/p>\n<\/div>\n\n\n\n<div class=\"wp-block-column is-layout-flow wp-block-column-is-layout-flow\">\n<h4 class=\"wp-block-heading has-palette-color-1-background-color has-background\">Adres:<\/h4>\n\n\n\n<p class=\"has-palette-color-3-color has-text-color\">De\u011firmenhan sk no 17 d Papu\u00e7\u00e7ular adapazar\u0131<\/p>\n\n\n\n<p class=\"has-palette-color-3-color has-text-color\">54100 Adapazar\/Sakarya<\/p>\n\n\n\n<p class=\"has-palette-color-3-color has-text-color\">T\u00fcrkiye<\/p>\n<\/div>\n\n\n\n<div class=\"wp-block-column is-layout-flow wp-block-column-is-layout-flow\">\n<h4 class=\"wp-block-heading has-palette-color-1-background-color has-background\">\u00c7al\u0131\u015fma Saatleri:<\/h4>\n\n\n\n<figure class=\"wp-block-table alignwide is-style-stripes\"><table><tbody><tr><th class=\"has-text-align-left\" data-align=\"left\">Pzt:<\/th><td class=\"has-text-align-center\" data-align=\"center\">08:30\u201319:00<\/td><\/tr><tr><th class=\"has-text-align-left\" data-align=\"left\">Sal:<\/th><td class=\"has-text-align-center\" data-align=\"center\">08:30\u201319:00<\/td><\/tr><tr><th class=\"has-text-align-left\" data-align=\"left\">\u00c7ar:<\/th><td class=\"has-text-align-center\" data-align=\"center\">08:30\u201319:00<\/td><\/tr><tr><th class=\"has-text-align-left\" data-align=\"left\">Per:<\/th><td class=\"has-text-align-center\" data-align=\"center\">08:30\u201319:00<\/td><\/tr><tr><th class=\"has-text-align-left\" data-align=\"left\">Cum:<\/th><td class=\"has-text-align-center\" data-align=\"center\">08:30\u201319:00<\/td><\/tr><tr><th class=\"has-text-align-left\" data-align=\"left\">Cmt:<\/th><td class=\"has-text-align-center\" data-align=\"center\">08:30\u201319:00<\/td><\/tr><tr><th class=\"has-text-align-left\" data-align=\"left\">Paz:<\/th><td class=\"has-text-align-center\" data-align=\"center\">Kapal\u0131<\/td><\/tr><\/tbody><\/table><\/figure>\n<\/div>\n<\/div>\n\n\n\n<p class=\"has-palette-color-3-color has-text-color\"><\/p>\n","protected":false},"excerpt":{"rendered":"<p>B\u0130ZE ULA\u015eIN \u0130leti\u015fim: (0264) 282 01 90 0538 482 01 90 Adres: De\u011firmenhan sk no 17 d Papu\u00e7\u00e7ular adapazar\u0131 54100<\/p>\n","protected":false},"author":1,"featured_media":0,"parent":0,"menu_order":0,"comment_status":"closed","ping_status":"closed","template":"","meta":{"footnotes":""},"class_list":["post-169","page","type-page","status-publish","hentry"],"_links":{"self":[{"href":"https:\/\/cemalteknik.com\/index.php\/wp-json\/wp\/v2\/pages\/169","targetHints":{"allow":["GET"]}}],"collection":[{"href":"https:\/\/cemalteknik.com\/index.php\/wp-json\/wp\/v2\/pages"}],"about":[{"href":"https:\/\/cemalteknik.com\/index.php\/wp-json\/wp\/v2\/types\/page"}],"author":[{"embeddable":true,"href":"https:\/\/cemalteknik.com\/index.php\/wp-json\/wp\/v2\/users\/1"}],"replies":[{"embeddable":true,"href":"https:\/\/cemalteknik.com\/index.php\/wp-json\/wp\/v2\/comments?post=169"}],"version-history":[{"count":10,"href":"https:\/\/cemalteknik.com\/index.php\/wp-json\/wp\/v2\/pages\/169\/revisions"}],"predecessor-version":[{"id":37080,"href":"https:\/\/cemalteknik.com\/index.php\/wp-json\/wp\/v2\/pages\/169\/revisions\/37080"}],"wp:attachment":[{"href":"https:\/\/cemalteknik.com\/index.php\/wp-json\/wp\/v2\/media?parent=169"}],"curies":[{"name":"wp","href":"https:\/\/api.w.org\/{rel}","templated":true}]}}