{"id":168,"date":"2023-09-28T19:04:01","date_gmt":"2023-09-28T16:04:01","guid":{"rendered":"https:\/\/cemalteknik.com\/?page_id=168"},"modified":"2025-11-12T22:33:16","modified_gmt":"2025-11-12T19:33:16","slug":"hakkimizda","status":"publish","type":"page","link":"https:\/\/cemalteknik.com\/index.php\/hakkimizda\/","title":{"rendered":"Hakk\u0131m\u0131zda"},"content":{"rendered":"\n<h2 class=\"wp-block-heading has-text-align-center has-palette-color-4-color has-palette-color-2-background-color has-text-color has-background\"><em>Ho\u015f Geldiniz CEMAL TEKN\u0130K Merkezi&#8217;ne!<\/em><\/h2>\n\n\n\n<figure class=\"wp-block-image size-full\"><img fetchpriority=\"high\" decoding=\"async\" width=\"666\" height=\"375\" src=\"https:\/\/cemalteknik.com\/wp-content\/uploads\/2023\/09\/biglogo1-1.png\" alt=\"\" class=\"wp-image-183\" srcset=\"https:\/\/cemalteknik.com\/wp-content\/uploads\/2023\/09\/biglogo1-1.png 666w, https:\/\/cemalteknik.com\/wp-content\/uploads\/2023\/09\/biglogo1-1-430x242.png 430w, https:\/\/cemalteknik.com\/wp-content\/uploads\/2023\/09\/biglogo1-1-150x84.png 150w, https:\/\/cemalteknik.com\/wp-content\/uploads\/2023\/09\/biglogo1-1-300x169.png 300w, https:\/\/cemalteknik.com\/wp-content\/uploads\/2023\/09\/biglogo1-1-600x338.png 600w\" sizes=\"(max-width: 666px) 100vw, 666px\" \/><\/figure>\n\n\n\n<p class=\"has-text-align-center has-palette-color-3-color has-text-color\"><strong>CEMAL TEKN\u0130K, elektronik kart tamiri, kombi ve klima sat\u0131\u015f\u0131, ayr\u0131ca bu cihazlar\u0131n yedek par\u00e7a temini konular\u0131nda uzmanla\u015fm\u0131\u015f bir elektronik hizmet merkezidir. Elektronik cihazlar\u0131n\u0131z\u0131n sorunlar\u0131n\u0131 \u00e7\u00f6zmek, enerji verimlili\u011fini art\u0131rmak veya yeni bir kombi veya klima sat\u0131n almak i\u00e7in do\u011fru yerdesiniz.<\/strong><\/p>\n\n\n\n<div class=\"wp-block-group is-layout-constrained wp-block-group-is-layout-constrained\">\n<hr class=\"wp-block-separator has-text-color has-palette-color-2-color has-alpha-channel-opacity has-palette-color-2-background-color has-background is-style-default\" style=\"margin-top:var(--wp--preset--spacing--30);margin-bottom:var(--wp--preset--spacing--30)\"\/>\n\n\n\n<figure class=\"wp-block-gallery has-nested-images columns-default is-cropped wp-block-gallery-1 is-layout-flex wp-block-gallery-is-layout-flex\">\n<figure class=\"wp-block-image size-full is-style-default\"><img decoding=\"async\" width=\"382\" height=\"482\" data-id=\"189\" src=\"https:\/\/cemalteknik.com\/wp-content\/themes\/woodmart\/images\/lazy.svg\" data-src=\"https:\/\/cemalteknik.com\/wp-content\/uploads\/2023\/09\/nobackgrounlogo1-1.png\" alt=\"\" class=\" wd-lazy-fade wp-image-189\" srcset=\"\" data-srcset=\"https:\/\/cemalteknik.com\/wp-content\/uploads\/2023\/09\/nobackgrounlogo1-1.png 382w, https:\/\/cemalteknik.com\/wp-content\/uploads\/2023\/09\/nobackgrounlogo1-1-150x189.png 150w, https:\/\/cemalteknik.com\/wp-content\/uploads\/2023\/09\/nobackgrounlogo1-1-238x300.png 238w\" sizes=\"(max-width: 382px) 100vw, 382px\" \/><\/figure>\n\n\n\n<figure class=\"wp-block-image size-large\"><img decoding=\"async\" width=\"960\" height=\"960\" data-id=\"187\" src=\"https:\/\/cemalteknik.com\/wp-content\/themes\/woodmart\/images\/lazy.svg\" data-src=\"https:\/\/cemalteknik.com\/wp-content\/uploads\/2023\/09\/slider2.jpg\" alt=\"\" class=\" wd-lazy-fade wp-image-187\" srcset=\"\" data-srcset=\"https:\/\/cemalteknik.com\/wp-content\/uploads\/2023\/09\/slider2.jpg 960w, https:\/\/cemalteknik.com\/wp-content\/uploads\/2023\/09\/slider2-430x430.jpg 430w, https:\/\/cemalteknik.com\/wp-content\/uploads\/2023\/09\/slider2-150x150.jpg 150w, https:\/\/cemalteknik.com\/wp-content\/uploads\/2023\/09\/slider2-700x700.jpg 700w, https:\/\/cemalteknik.com\/wp-content\/uploads\/2023\/09\/slider2-300x300.jpg 300w, https:\/\/cemalteknik.com\/wp-content\/uploads\/2023\/09\/slider2-768x768.jpg 768w\" sizes=\"(max-width: 960px) 100vw, 960px\" \/><\/figure>\n\n\n\n<figure class=\"wp-block-image size-large\"><img loading=\"lazy\" decoding=\"async\" width=\"960\" height=\"960\" data-id=\"186\" src=\"https:\/\/cemalteknik.com\/wp-content\/themes\/woodmart\/images\/lazy.svg\" data-src=\"https:\/\/cemalteknik.com\/wp-content\/uploads\/2023\/09\/slider3.jpg\" alt=\"\" class=\" wd-lazy-fade wp-image-186\" srcset=\"\" data-srcset=\"https:\/\/cemalteknik.com\/wp-content\/uploads\/2023\/09\/slider3.jpg 960w, https:\/\/cemalteknik.com\/wp-content\/uploads\/2023\/09\/slider3-430x430.jpg 430w, https:\/\/cemalteknik.com\/wp-content\/uploads\/2023\/09\/slider3-150x150.jpg 150w, https:\/\/cemalteknik.com\/wp-content\/uploads\/2023\/09\/slider3-700x700.jpg 700w, https:\/\/cemalteknik.com\/wp-content\/uploads\/2023\/09\/slider3-300x300.jpg 300w, https:\/\/cemalteknik.com\/wp-content\/uploads\/2023\/09\/slider3-768x768.jpg 768w\" sizes=\"(max-width: 960px) 100vw, 960px\" \/><\/figure>\n\n\n\n<figure class=\"wp-block-image size-large\"><img decoding=\"async\" data-id=\"185\" src=\"https:\/\/cemalteknik.com\/wp-content\/themes\/woodmart\/images\/lazy.svg\" data-src=\"https:\/\/cemalteknik.com\/wp-content\/uploads\/2023\/09\/slider4-1024x358.png\" alt=\"\" class=\" wd-lazy-fade wp-image-185\"\/><\/figure>\n<\/figure>\n<\/div>\n\n\n\n<hr class=\"wp-block-separator has-text-color has-palette-color-2-color has-alpha-channel-opacity has-palette-color-2-background-color has-background\"\/>\n\n\n\n<h2 class=\"wp-block-heading has-palette-color-2-color has-text-color has-large-font-size\"><strong>Hizmetlerimiz:<\/strong><\/h2>\n\n\n\n<ol class=\"wp-block-list\">\n<li>Elektronik Kart Tamiri: Bozulmu\u015f veya ar\u0131zal\u0131 elektronik kartlar\u0131n\u0131z\u0131 profesyonel teknisyenlerimiz taraf\u0131ndan onar\u0131l\u0131r\u0131z. Teknolojiyi yak\u0131ndan takip ediyor ve son teknoloji ekipmanlarla \u00e7al\u0131\u015f\u0131yoruz.<\/li>\n\n\n\n<li><strong>Kombi ve Klima Sat\u0131\u015f\u0131: Y\u00fcksek kaliteli kombi ve klima cihazlar\u0131 ar\u0131yorsan\u0131z, geni\u015f \u00fcr\u00fcn yelpazemiz aras\u0131nda ihtiya\u00e7lar\u0131n\u0131za uygun olan\u0131 bulabilirsiniz.<\/strong><\/li>\n\n\n\n<li><strong>Yedek Par\u00e7a Temini: Eski cihazlar\u0131n\u0131z\u0131n veya yenilerinin bak\u0131m\u0131 i\u00e7in ihtiya\u00e7 duydu\u011funuz yedek par\u00e7alar\u0131 temin ediyoruz. Kaliteli ve orijinal yedek par\u00e7alarla cihazlar\u0131n\u0131z\u0131n verimlili\u011fini art\u0131rabilirsiniz.<\/strong><\/li>\n<\/ol>\n\n\n\n<p class=\"has-palette-color-2-color has-text-color has-medium-font-size\"><strong>Neden CEMAL TEKN\u0130K&#8217;i Se\u00e7melisiniz?<\/strong><\/p>\n\n\n\n<ul class=\"wp-block-list\">\n<li><strong>Uzman Teknisyenler: Elektronik kartlar\u0131n\u0131z\u0131 uzman teknisyenlerimiz onar\u0131r.<\/strong><\/li>\n\n\n\n<li><strong>Geni\u015f \u00dcr\u00fcn Yelpazesi: Kombi ve klima sat\u0131\u015f\u0131nda geni\u015f bir \u00fcr\u00fcn yelpazesi sunuyoruz.<\/strong><\/li>\n\n\n\n<li><strong>Orijinal Yedek Par\u00e7alar: Yedek par\u00e7alar\u0131m\u0131z orijinal ve y\u00fcksek kalitedir.<\/strong><\/li>\n\n\n\n<li><strong>M\u00fc\u015fteri Memnuniyeti: M\u00fc\u015fterilerimizin memnuniyeti bizim \u00f6nceli\u011fimizdir.<\/strong><\/li>\n<\/ul>\n\n\n\n<p class=\"has-text-align-center has-palette-color-3-color has-text-color\"><strong>CEMAL TEKN\u0130K olarak, elektronik cihazlar\u0131n\u0131z\u0131 sorunsuz bir \u015fekilde \u00e7al\u0131\u015ft\u0131rman\u0131za yard\u0131mc\u0131 olmak i\u00e7in buraday\u0131z. Size en iyi hizmeti sunmak i\u00e7in sab\u0131rs\u0131zlan\u0131yoruz.<\/strong><\/p>\n\n\n\n<p class=\"has-text-align-center has-palette-color-3-color has-text-color\"><strong>Herhangi bir sorununuz veya ihtiyac\u0131n\u0131z varsa, l\u00fctfen bizimle ileti\u015fime ge\u00e7mekten \u00e7ekinmeyin. Size yard\u0131mc\u0131 olmaktan mutluluk duyar\u0131z.<\/strong><\/p>\n\n\n\n<p class=\"has-text-align-center has-palette-color-3-color has-text-color has-medium-font-size\"><strong>Te\u015fekk\u00fcr ederiz, CEMAL TEKN\u0130K Elektronik Kart Tamir Merkezi ailesi.<\/strong><\/p>\n","protected":false},"excerpt":{"rendered":"<p>Ho\u015f Geldiniz CEMAL TEKN\u0130K Merkezi&#8217;ne! CEMAL TEKN\u0130K, elektronik kart tamiri, kombi ve klima sat\u0131\u015f\u0131, ayr\u0131ca bu cihazlar\u0131n yedek par\u00e7a temini<\/p>\n","protected":false},"author":1,"featured_media":0,"parent":0,"menu_order":0,"comment_status":"closed","ping_status":"closed","template":"","meta":{"footnotes":""},"class_list":["post-168","page","type-page","status-publish","hentry"],"_links":{"self":[{"href":"https:\/\/cemalteknik.com\/index.php\/wp-json\/wp\/v2\/pages\/168","targetHints":{"allow":["GET"]}}],"collection":[{"href":"https:\/\/cemalteknik.com\/index.php\/wp-json\/wp\/v2\/pages"}],"about":[{"href":"https:\/\/cemalteknik.com\/index.php\/wp-json\/wp\/v2\/types\/page"}],"author":[{"embeddable":true,"href":"https:\/\/cemalteknik.com\/index.php\/wp-json\/wp\/v2\/users\/1"}],"replies":[{"embeddable":true,"href":"https:\/\/cemalteknik.com\/index.php\/wp-json\/wp\/v2\/comments?post=168"}],"version-history":[{"count":7,"href":"https:\/\/cemalteknik.com\/index.php\/wp-json\/wp\/v2\/pages\/168\/revisions"}],"predecessor-version":[{"id":37081,"href":"https:\/\/cemalteknik.com\/index.php\/wp-json\/wp\/v2\/pages\/168\/revisions\/37081"}],"wp:attachment":[{"href":"https:\/\/cemalteknik.com\/index.php\/wp-json\/wp\/v2\/media?parent=168"}],"curies":[{"name":"wp","href":"https:\/\/api.w.org\/{rel}","templated":true}]}}